{"id":92,"date":"2018-04-13T17:09:47","date_gmt":"2018-04-13T17:09:47","guid":{"rendered":"https:\/\/tusuper.net\/?page_id=92"},"modified":"2018-04-13T17:09:47","modified_gmt":"2018-04-13T17:09:47","slug":"politicas-de-privacidad","status":"publish","type":"page","link":"http:\/\/www.tusuper.net\/?page_id=92","title":{"rendered":"Politicas de privacidad"},"content":{"rendered":"<p><em><strong>POL\u00cdTICA DE PRIVACIDAD<\/strong><\/em><\/p>\n<p style=\"text-align: justify;\">Los datos personales que la persona f\u00edsica o moral, a trav\u00e9s de su representante (referido en lo sucesivo como &#8220;El Contacto&#8221;), facilite a la empresa ALIMENTOS Y PRODUCTOS DE MEXICO, SA DE CV (referida en lo sucesivo como &#8220;ALIMENTOS&#8221;), quedar\u00e1n incorporados a una base de datos, propiedad de ALIMENTOS, con domicilio en 3 ORIENTE SUR 557 INT 103, TUXTLA GUTIERREZ CHIAPAS BARRIO SAN ROQUE COL CENTRO, C.P. 29040 CHIAPAS MEXICO, con p\u00e1gina web www.tusuper.net y correo electr\u00f3nico informa@tusuper.net. Por cualquiera de estos medios puede El Contacto dirigirse, por escrito, adjuntando copia de su identificaci\u00f3n oficial con fotograf\u00eda por las dos caras, para solicitar la revocaci\u00f3n, informaci\u00f3n, rectificaci\u00f3n, oposici\u00f3n o cancelaci\u00f3n de sus datos.<br \/>\nEl registro de la informaci\u00f3n de El Contacto exige que los datos sean facilitados por el mismo, de forma veraz y completa. Se actualizar\u00e1n mediante expresa solicitud y colaboraci\u00f3n del mismo. Si los datos provistos por El Contacto fueran inciertos, incompletos o no fueran actualizados, ALIMENTOS quedar\u00e1 liberada de responsabilidad respecto de los casos concretos, del buen fin de la promoci\u00f3n y de cualquier consecuencia relacionada con lo anterior.<\/p>\n<p style=\"text-align: justify;\">La finalidad del recabo de los datos de El Contacto es la gesti\u00f3n del alta de las personas que han tenido contacto ALIMENTOS, con el objeto de realizar una operaci\u00f3n comercial o porque desean acceder a la informaci\u00f3n, a los servicios prestados por la misma, o a otras actividades cuyo acceso exige que El Contacto est\u00e9 registrado.<\/p>\n<p style=\"text-align: justify;\">La metodolog\u00eda que ALIMENTOS tiene para colectar la informaci\u00f3n de El Contacto se apoya en alguno o varios de los siguientes medios: AL MOMENTO DE REALIZAR LA DESCARGA E INSTALACI\u00d3N DE LA APP, CONTATO A TRAVES DE PAGINA WEB O LLAMADA DIRECTA A NUESTRO CALL CENTER, LOS PRIMERO DE MANERA ELECTRONICA Y EL ULTIMO DE MANERA VERBAL<\/p>\n<p style=\"text-align: justify;\">El Contacto consiente incondicionalmente y de forma autom\u00e1tica, en que los datos provistos por el mismo sean utilizados y tratados para la investigaci\u00f3n, promoci\u00f3n y comercializaci\u00f3n de los servicios y productos de ALIMENTOS. Estos datos podr\u00e1n ser puestos a disposici\u00f3n de otras empresas accionistas, relacionadas o afiliadas de ALIMENTOS para id\u00e9nticos fines. As\u00ed, de conformidad con lo establecido en la Ley Federal de Protecci\u00f3n de Datos Personales en Posesi\u00f3n de Particulares, se entiende otorgado su consentimiento, de manera incondicional, para el tratamiento de los datos personales suministrados exclusivamente para los fines anteriormente mencionados.<br \/>\nEn caso de que llegaran a recabarse datos de menores de edad o incapaces, en funci\u00f3n de la informaci\u00f3n respecto a su edad o a\u00f1o de nacimiento facilitada por El Contacto, ALIMENTOS har\u00e1 su mejor esfuerzo para no utilizar estos datos con fines inadecuados para la edad del menor. En todo caso, ALIMENTOS garantiza que gestionar\u00e1 las solicitudes derivadas del ejercicio, por los padres o tutores, de los derechos de acceso, cancelaci\u00f3n, rectificaci\u00f3n y oposici\u00f3n de los datos de los menores de edad o incapaces.<\/p>\n<p style=\"text-align: justify;\">ALIMENTOS manifiesta que los datos provistos por El Contacto ser\u00e1n tratados de forma totalmente confidencial y en concordancia con todas las medidas de seguridad establecidas por la Ley Federal de Protecci\u00f3n de Datos Personales en Posesi\u00f3n de Particulares, con el fin de evitar accesos y tratamientos no autorizados.<\/p>\n<p style=\"text-align: justify;\">ALIMENTOS recomienda a El Contacto, que cuando se produzcan modificaciones en alguno de los datos que anteriormente ha facilitado, durante su registro o actualizaci\u00f3n de informaci\u00f3n, contacte personalmente a ALIMENTOS para actualizar los cambios habidos, ya sea a trav\u00e9s de la revisi\u00f3n de los formularios electr\u00f3nicos existentes en el sitio web o personalmente en sus oficinas, para suministrar los nuevos datos. ALIMENTOS procurar\u00e1 actualizar la base de datos donde consta la informaci\u00f3n de car\u00e1cter personal de El Contacto, eliminando los datos anteriores, objeto del cambio, e incorporando los nuevos. Si los datos facilitados por El Contacto no est\u00e1n actualizados o no son correctos, ALIMENTOS se exime de responsabilidad sobre la informaci\u00f3n provista.<\/p>\n<p style=\"text-align: justify;\">ALIMENTOS se reserva el derecho de modificar o actualizar de tiempo en tiempo el presente aviso de privacidad, sin necesidad de dar previo aviso al respecto.<\/p>\n<p><strong>T\u00c9RMINOS Y CONDICIONES DEL SERVICIO<\/strong><\/p>\n<p style=\"text-align: justify;\"><em><strong>Pol\u00edticas de Compra<\/strong><\/em><br \/>\n\u2022 ALIMENTOS vender\u00e1 \u00fanicamente los productos o servicios que SE RELACIONES EN LA APP, CAPTURA DE PEDIDOS EN PAGINA WEB O PEDIDOS REALIZADOS DIRECTAMENTE AL CALL CENTER\u2026<br \/>\n\u2022 Todos nuestros precios est\u00e1n en moneda nacional e incluyen impuestos.<br \/>\n\u2022 Los pagos realizados en l\u00ednea o EN BANCOS siempre ser\u00e1n por el total deL PEDIDO REALIZADO A ALIMENTOS.<br \/>\n\u2022 Al registrarse el pago, recibir\u00e1s un correo de ALIMENTOS confirm\u00e1ndolo.<br \/>\n\u2022 Para cualquier duda o aclaraci\u00f3n de tu compra escr\u00edbenos a soporte@tusuper.net.<\/p>\n<p style=\"text-align: justify;\"><em><strong>Pol\u00edticas de Env\u00edo<\/strong><\/em><br \/>\n\u2022 El tiempo de entrega var\u00eda en funci\u00f3n del destino.<br \/>\n\u2022 DENTRO DEL PAGO REALIZADO SE INCLUYE EL COSTO DE ENVIO DEL PEDIDO REALIZADO POR CUALQUERA DE LOS MEDIOS DISE\u00d1ADOS POR ALIMENTOS.<\/p>\n<p style=\"text-align: justify;\"><em><strong>Pol\u00edticas de Pago<\/strong><\/em><br \/>\n\u2022 Pagos directos AL MOMENTO DE LA ENTREGA DE MERCANCIA POR PARTE DE LOS REPARTIDORES YA SEA EN EFECTIVO O CON EL DISPOSITVO ELECTRONICO PARA TALES FINES, O EN PAGINA WEB Y DEPOSITO DIRECTO EN BANCO<br \/>\n\u2022 Si pagas por transferencia o en ventanilla bancaria, refiriendo el n\u00famero DE PEDIDO: favor de enviar copia o foto de la ficha por correo electr\u00f3nico a operaciones@tusuper.net.<br \/>\n\u2022 Si pagas por PayPal, haciendo click sobre la liga que ALIMENTOS PROPORCIONA EN SU PAGINA WEB: www.tusuper.net ya sea con tarjeta de cr\u00e9dito o el saldo de tu cuenta PayPal, tan pronto se acredite tu pago recibir\u00e1s correos de PayPal y ALIMENTOS confirm\u00e1ndolo.<\/p>\n","protected":false},"excerpt":{"rendered":"<p>POL\u00cdTICA DE PRIVACIDAD Los datos personales que la persona f\u00edsica o moral, a trav\u00e9s de su representante (referido en lo sucesivo como &#8220;El Contacto&#8221;), facilite a la empresa ALIMENTOS Y PRODUCTOS DE MEXICO, SA DE CV (referida en lo sucesivo como &#8220;ALIMENTOS&#8221;), quedar\u00e1n incorporados a una base de datos, propiedad de ALIMENTOS, con domicilio en [&hellip;]<\/p>\n","protected":false},"author":2,"featured_media":0,"parent":0,"menu_order":0,"comment_status":"closed","ping_status":"closed","template":"page-templates\/homepage.php","meta":[],"post_mailing_queue_ids":[],"_links":{"self":[{"href":"http:\/\/www.tusuper.net\/index.php?rest_route=\/wp\/v2\/pages\/92"}],"collection":[{"href":"http:\/\/www.tusuper.net\/index.php?rest_route=\/wp\/v2\/pages"}],"about":[{"href":"http:\/\/www.tusuper.net\/index.php?rest_route=\/wp\/v2\/types\/page"}],"author":[{"embeddable":true,"href":"http:\/\/www.tusuper.net\/index.php?rest_route=\/wp\/v2\/users\/2"}],"replies":[{"embeddable":true,"href":"http:\/\/www.tusuper.net\/index.php?rest_route=%2Fwp%2Fv2%2Fcomments&post=92"}],"version-history":[{"count":0,"href":"http:\/\/www.tusuper.net\/index.php?rest_route=\/wp\/v2\/pages\/92\/revisions"}],"wp:attachment":[{"href":"http:\/\/www.tusuper.net\/index.php?rest_route=%2Fwp%2Fv2%2Fmedia&parent=92"}],"curies":[{"name":"wp","href":"https:\/\/api.w.org\/{rel}","templated":true}]}}