{"id":25,"date":"2018-03-18T21:36:44","date_gmt":"2018-03-18T21:36:44","guid":{"rendered":"https:\/\/tusuper.net\/?page_id=25"},"modified":"2020-03-10T23:00:16","modified_gmt":"2020-03-10T23:00:16","slug":"inicio","status":"publish","type":"page","link":"http:\/\/www.tusuper.net\/","title":{"rendered":"Inicio"},"content":{"rendered":"<section class=\"kc-elm kc-css-102959 kc_row\"><div class=\"kc-row-container\"><div class=\"kc-wrap-columns\"><div class=\"kc-elm kc-css-945640 kc_col-sm-12 kc_column col-md-12 col-sm-12\"><div class=\"kc-col-container\"><header class=\"kc-elm kc-css-205938 crumina-module crumina-heading align-center \">\n\t\n\t\t<h1 class=\" heading-title\" >Para el antojo cotidiano<\/h1>\n\n<\/header>\n\n    <div class=\"kc-elm kc-css-396066 clients-slider-module crumina-module \">\n\t\t            <div class=\"swiper-container \" data-show-items=\"4\" data-autoplay=\"5000\">\n                <div class=\"swiper-wrapper align-center\">\n\n\t\t\t\t\t                            <div class=\"swiper-slide client-item\">\n\t\t\t\t\t\t\t\t<img src=\"http:\/\/www.tusuper.net\/wp-content\/uploads\/2018\/12\/WhatsApp-Image-2018-12-10-at-12.49.34-PM.jpeg\" alt=\"\" title=\"Rizo\" class=\"hover\">                            <\/div>\n\t\t\t\t\t\t                            <div class=\"swiper-slide client-item\">\n\t\t\t\t\t\t\t\t<img src=\"http:\/\/www.tusuper.net\/wp-content\/uploads\/2018\/12\/sportorta.jpeg\" alt=\"\" title=\"sportorta\" class=\"hover\">                            <\/div>\n\t\t\t\t\t\t                            <div class=\"swiper-slide client-item\">\n\t\t\t\t\t\t\t\t<a class=\"client-image\" href=\"http:\/\/www.tusuper.net\/?page_id=365\" target=\"_self\" title=\"Tio Rube\"><img src=\"http:\/\/www.tusuper.net\/wp-content\/uploads\/2018\/09\/WhatsApp-Image-2018-09-13-at-6.08.08-PM.jpeg\" alt=\"\" title=\"Tio Rube\" class=\"hover\"><\/a>                            <\/div>\n\t\t\t\t\t\t                            <div class=\"swiper-slide client-item\">\n\t\t\t\t\t\t\t\t<a class=\"client-image\" href=\"http:\/\/www.tusuper.net\/?page_id=363\" target=\"_blank\" title=\"Botanitas\"><img src=\"http:\/\/www.tusuper.net\/wp-content\/uploads\/2018\/09\/botna.jpeg\" alt=\"\" title=\"botna\" class=\"hover\"><\/a>                            <\/div>\n\t\t\t\t\t\t                            <div class=\"swiper-slide client-item\">\n\t\t\t\t\t\t\t\t<a class=\"client-image\"><img src=\"http:\/\/www.tusuper.net\/wp-content\/uploads\/2018\/09\/conejo.jpeg\" alt=\"\" title=\"conejo\" class=\"hover\"><\/a>                            <\/div>\n\t\t\t\t\t\t                            <div class=\"swiper-slide client-item\">\n\t\t\t\t\t\t\t\t<a class=\"client-image\"><img src=\"http:\/\/www.tusuper.net\/wp-content\/uploads\/2018\/09\/corte.jpeg\" alt=\"\" title=\"corte\" class=\"hover\"><\/a>                            <\/div>\n\t\t\t\t\t\t                            <div class=\"swiper-slide client-item\">\n\t\t\t\t\t\t\t\t<a class=\"client-image\" href=\"http:\/\/www.tusuper.net\/?page_id=361\" target=\"_blank\" title=\"La Frondosa\"><img src=\"http:\/\/www.tusuper.net\/wp-content\/uploads\/2018\/09\/frondo.jpeg\" alt=\"\" title=\"frondo\" class=\"hover\"><\/a>                            <\/div>\n\t\t\t\t\t\t                            <div class=\"swiper-slide client-item\">\n\t\t\t\t\t\t\t\t<a class=\"client-image\" href=\"http:\/\/www.tusuper.net\/?page_id=359\" target=\"_blank\" title=\"Katana Roll\"><img src=\"http:\/\/www.tusuper.net\/wp-content\/uploads\/2018\/09\/sushi.jpeg\" alt=\"\" title=\"sushi\" class=\"hover\"><\/a>                            <\/div>\n\t\t\t\t\t\t                            <div class=\"swiper-slide client-item\">\n\t\t\t\t\t\t\t\t<a class=\"client-image\"><img src=\"http:\/\/www.tusuper.net\/wp-content\/uploads\/2019\/02\/4B7E2922-3CC8-4F37-81C8-29C9808F88AC.png\" alt=\"\" title=\"4B7E2922-3CC8-4F37-81C8-29C9808F88AC\" class=\"hover\"><\/a>                            <\/div>\n\t\t\t\t\t\t                            <div class=\"swiper-slide client-item\">\n\t\t\t\t\t\t\t\t<a class=\"client-image\"><img src=\"http:\/\/www.tusuper.net\/wp-content\/uploads\/2019\/02\/076C1DDC-34F1-4A6B-9E37-0A8EA99C2236.png\" alt=\"\" title=\"076C1DDC-34F1-4A6B-9E37-0A8EA99C2236\" class=\"hover\"><\/a>                            <\/div>\n\t\t\t\t\t\t                            <div class=\"swiper-slide client-item\">\n\t\t\t\t\t\t\t\t<a class=\"client-image\"><img src=\"http:\/\/www.tusuper.net\/wp-content\/uploads\/2019\/02\/WhatsApp-Image-2019-02-22-at-12.26.20-PM.jpeg\" alt=\"\" title=\"WhatsApp Image 2019-02-22 at 12.26.20 PM\" class=\"hover\"><\/a>                            <\/div>\n\t\t\t\t\t\t                            <div class=\"swiper-slide client-item\">\n\t\t\t\t\t\t\t\t<a class=\"client-image\" href=\"http:\/\/www.tusuper.net\/?page_id=487\" target=\"_self\" title=\"\"><img src=\"http:\/\/www.tusuper.net\/wp-content\/uploads\/2019\/03\/WhatsApp-Image-2019-03-07-at-11.03.06-AM.jpeg\" alt=\"\" title=\"WhatsApp Image 2019-03-07 at 11.03.06 AM\" class=\"hover\"><\/a>                            <\/div>\n\t\t\t\t\t\t                            <div class=\"swiper-slide client-item\">\n\t\t\t\t\t\t\t\t<a class=\"client-image\" href=\"http:\/\/www.tusuper.net\/?page_id=500\" target=\"_blank\" title=\"\"><img src=\"http:\/\/www.tusuper.net\/wp-content\/uploads\/2019\/03\/WhatsApp-Image-2019-03-12-at-2.03.55-PM.jpeg\" alt=\"\" title=\"WhatsApp Image 2019-03-12 at 2.03.55 PM\" class=\"hover\"><\/a>                            <\/div>\n\t\t\t\t\t\t                            <div class=\"swiper-slide client-item\">\n\t\t\t\t\t\t\t\t<a class=\"client-image\" href=\"http:\/\/www.tusuper.net\/?page_id=510\" target=\"_blank\" title=\"\"><img src=\"http:\/\/www.tusuper.net\/wp-content\/uploads\/2019\/03\/WhatsApp-Image-2019-03-12-at-3.14.27-PM.jpeg\" alt=\"\" title=\"WhatsApp Image 2019-03-12 at 3.14.27 PM\" class=\"hover\"><\/a>                            <\/div>\n\t\t\t\t\t\t                            <div class=\"swiper-slide client-item\">\n\t\t\t\t\t\t\t\t<a class=\"client-image\"><img src=\"http:\/\/www.tusuper.net\/wp-content\/uploads\/2019\/04\/WhatsApp-Image-2019-03-27-at-9.57.01-AM-1.jpeg\" alt=\"\" title=\"Cocina de Coco\" class=\"hover\"><\/a>                            <\/div>\n\t\t\t\t\t\t                            <div class=\"swiper-slide client-item\">\n\t\t\t\t\t\t\t\t<a class=\"client-image\"><img src=\"http:\/\/www.tusuper.net\/wp-content\/uploads\/2019\/04\/WhatsApp-Image-2019-04-04-at-10.47.44-AM.jpeg\" alt=\"\" title=\"Limpieza A Granel\" class=\"hover\"><\/a>                            <\/div>\n\t\t\t\t\t\t                <\/div>\n\t\t\t\t            <\/div>\n\t\t    <\/div>\n<div class=\"kc-elm kc-css-778590 kc_row kc_row_inner\"><div class=\"kc-elm kc-css-595404 kc_col-sm-12 kc_column_inner col-md-12 col-sm-12\"><div class=\"kc_wrapper kc-col-inner-container\">\n<div class=\"kc-elm kc-css-326525 crumina-module call-to-action cta-center\">\n\t<div class=\"row\">\n\t\t<div class=\"col-sm-12 text-center align-center mb30\">\n\t\t\t<h2 class=\"h1 heading-title no-margin\">Descarga nuestra aplicaci\u00f3n<\/h2><h5 class=\"heading-text no-margin\">Realiza todas tus compras desde la comodidad de tu casa u oficina.<\/h5>\t\t<\/div>\n\t\t\t<\/div>\n<\/div>\n<div class=\"kc-elm kc-css-48927 crumina-module crumina-module-info-list crumina-module-slider custom-color c-black\">\n\t<div class=\"row\">\n\t\t<div class=\"col-lg-5 col-md-5 col-sm-12 col-xs-12\">\n\t\t\t<div class=\"swiper-container\" data-effect=\"fade\">\n\t\t\t\t<div class=\"swiper-wrapper\">\n\n\t\t\t\t\t\t\t\t\t\t\t<div class=\"swiper-slide\">\n                            <img width=\"960\" height=\"654\" src=\"http:\/\/www.tusuper.net\/wp-content\/uploads\/2018\/09\/39282963_2083369121673180_2307619029730197504_n.jpg\" class=\"attachment-full size-full\" alt=\"\" loading=\"lazy\" data-swiper-parallax=\"-200\" srcset=\"http:\/\/www.tusuper.net\/wp-content\/uploads\/2018\/09\/39282963_2083369121673180_2307619029730197504_n.jpg 960w, http:\/\/www.tusuper.net\/wp-content\/uploads\/2018\/09\/39282963_2083369121673180_2307619029730197504_n-300x204.jpg 300w, http:\/\/www.tusuper.net\/wp-content\/uploads\/2018\/09\/39282963_2083369121673180_2307619029730197504_n-768x523.jpg 768w\" sizes=\"(max-width: 960px) 100vw, 960px\" \/>\t\t\t\t\t\t<\/div>\n\t\t\t\t\t\t\t\t\t\t\t<div class=\"swiper-slide\">\n                            <img width=\"805\" height=\"414\" src=\"http:\/\/www.tusuper.net\/wp-content\/uploads\/2018\/09\/whats.jpg\" class=\"attachment-full size-full\" alt=\"\" loading=\"lazy\" data-swiper-parallax=\"-200\" srcset=\"http:\/\/www.tusuper.net\/wp-content\/uploads\/2018\/09\/whats.jpg 805w, http:\/\/www.tusuper.net\/wp-content\/uploads\/2018\/09\/whats-300x154.jpg 300w, http:\/\/www.tusuper.net\/wp-content\/uploads\/2018\/09\/whats-768x395.jpg 768w\" sizes=\"(max-width: 805px) 100vw, 805px\" \/>\t\t\t\t\t\t<\/div>\n\t\t\t\t\t\t\t\t\t\t\t<div class=\"swiper-slide\">\n                            <img width=\"960\" height=\"506\" src=\"http:\/\/www.tusuper.net\/wp-content\/uploads\/2018\/09\/ambiente.jpg\" class=\"attachment-full size-full\" alt=\"\" loading=\"lazy\" data-swiper-parallax=\"-200\" srcset=\"http:\/\/www.tusuper.net\/wp-content\/uploads\/2018\/09\/ambiente.jpg 960w, http:\/\/www.tusuper.net\/wp-content\/uploads\/2018\/09\/ambiente-300x158.jpg 300w, http:\/\/www.tusuper.net\/wp-content\/uploads\/2018\/09\/ambiente-768x405.jpg 768w\" sizes=\"(max-width: 960px) 100vw, 960px\" \/>\t\t\t\t\t\t<\/div>\n\t\t\t\t\t\t\t\t\t<\/div>\n\t\t\t<\/div>\n\t\t<\/div>\n\t\t<div class=\"col-lg-6 col-lg-offset-1 col-md-7 col-sm-12 col-xs-12\">\n\t\t\t<div class=\"slider-slides slider-slides--round-text\">\n\t\t\t\t\t\t\t\t\t<div class=\"slides-item\">\n\t\t\t\t\t\t<div class=\"number\">1<\/div>\n\t\t\t\t\t\t<div class=\"crumina-module crumina-heading \">\n\t\t\t\t\t\t\t<h5 class=\"heading-title\">Env\u00eda tus productos<\/h5>\n\t\t\t\t\t\t\t<div class=\"heading-text\">Solicita la recolecci\u00f3n y entrega de tus productos a tus clientes, nosotros nos encargaremos de que tus clientes no tengan que moverse para recibir tus productos.<\/div>\n\t\t\t\t\t\t<\/div>\n\t\t\t\t\t<\/div>\n\t\t\t\t\t\t\t\t\t<div class=\"slides-item\">\n\t\t\t\t\t\t<div class=\"number\">2<\/div>\n\t\t\t\t\t\t<div class=\"crumina-module crumina-heading \">\n\t\t\t\t\t\t\t<h5 class=\"heading-title\">Tambi\u00e9n por Whatsapp<\/h5>\n\t\t\t\t\t\t\t<div class=\"heading-text\">Contamos con una linea de Whatsapp para recibir tus compras, pedido o recolecciones.<\/div>\n\t\t\t\t\t\t<\/div>\n\t\t\t\t\t<\/div>\n\t\t\t\t\t\t\t\t\t<div class=\"slides-item\">\n\t\t\t\t\t\t<div class=\"number\">3<\/div>\n\t\t\t\t\t\t<div class=\"crumina-module crumina-heading \">\n\t\t\t\t\t\t\t<h5 class=\"heading-title\">Ambientalmente Responsables.<\/h5>\n\t\t\t\t\t\t\t<div class=\"heading-text\">Preocupados por Cuidar el medio ambiente y nuestro ca\u00f1\u00f3n del sumidero utilizados bolsas 100% ecol\u00f3gicas. De material reciclado y biodegradables.<\/div>\n\t\t\t\t\t\t<\/div>\n\t\t\t\t\t<\/div>\n\t\t\t\t\n\t\t\t<\/div>\n\t\t<\/div>\n\t<\/div>\n<\/div>\n<\/div><\/div><\/div><\/div><\/div><\/div><\/div><\/section>\n","protected":false},"excerpt":{"rendered":"<p>Para el antojo cotidiano Descarga nuestra aplicaci\u00f3nRealiza todas tus compras desde la comodidad de tu casa u oficina. 1 Env\u00eda tus productos Solicita la recolecci\u00f3n y entrega de tus productos a tus clientes, nosotros nos encargaremos de que tus clientes no tengan que moverse para recibir tus productos. 2 Tambi\u00e9n por Whatsapp Contamos con una [&hellip;]<\/p>\n","protected":false},"author":2,"featured_media":0,"parent":0,"menu_order":0,"comment_status":"closed","ping_status":"closed","template":"","meta":[],"post_mailing_queue_ids":[],"_links":{"self":[{"href":"http:\/\/www.tusuper.net\/index.php?rest_route=\/wp\/v2\/pages\/25"}],"collection":[{"href":"http:\/\/www.tusuper.net\/index.php?rest_route=\/wp\/v2\/pages"}],"about":[{"href":"http:\/\/www.tusuper.net\/index.php?rest_route=\/wp\/v2\/types\/page"}],"author":[{"embeddable":true,"href":"http:\/\/www.tusuper.net\/index.php?rest_route=\/wp\/v2\/users\/2"}],"replies":[{"embeddable":true,"href":"http:\/\/www.tusuper.net\/index.php?rest_route=%2Fwp%2Fv2%2Fcomments&post=25"}],"version-history":[{"count":47,"href":"http:\/\/www.tusuper.net\/index.php?rest_route=\/wp\/v2\/pages\/25\/revisions"}],"predecessor-version":[{"id":549,"href":"http:\/\/www.tusuper.net\/index.php?rest_route=\/wp\/v2\/pages\/25\/revisions\/549"}],"wp:attachment":[{"href":"http:\/\/www.tusuper.net\/index.php?rest_route=%2Fwp%2Fv2%2Fmedia&parent=25"}],"curies":[{"name":"wp","href":"https:\/\/api.w.org\/{rel}","templated":true}]}}